{"id":3381,"date":"2022-04-28T14:16:25","date_gmt":"2022-04-28T14:16:25","guid":{"rendered":"https:\/\/www.ciclopower.es\/la-aventura-empieza-aqui\/"},"modified":"2022-05-03T13:44:04","modified_gmt":"2022-05-03T13:44:04","slug":"la-aventura-empieza-aqui","status":"publish","type":"page","link":"https:\/\/www.ciclopower.es\/de\/","title":{"rendered":"DAS ABENTEUER BEGINNT HIER"},"content":{"rendered":"\n<h1 class=\"has-text-align-center wp-block-heading\">DAS ABENTEUER BEGINNT HIER<\/h1>\n\n\n\n<div style=\"height:64px\" aria-hidden=\"true\" class=\"wp-block-spacer\"><\/div>\n\n\n\n<h4 class=\"has-text-align-center wp-block-heading\">M\u00d6CHTEN SIE EINE SEGWAY-TOUR ENTLANG DER PROMENADE VON SABINILLAS \/ DUQUESA MACHEN?<\/h4>\n\n\n\n<p class=\"has-text-align-center\">Wir haben verschiedene Fahrten und Touren durch Gebiete der Costa del Sol f\u00fcr die ganze Familie. <a href=\"https:\/\/www.ciclopower.es\/de\/aktivitaeten\/\">Melden Sie sich hier<\/a>!<\/p>\n\n\n\n<div style=\"height:64px\" aria-hidden=\"true\" class=\"wp-block-spacer\"><\/div>\n\n\n\n<h2 class=\"has-text-align-center has-large-font-size wp-block-heading\">Unsere neusten Fahrzeuge<\/h2>\n\n\n\n<div style=\"height:32px\" aria-hidden=\"true\" class=\"wp-block-spacer\"><\/div>\n\n\n\n<div class=\"wp-block-query is-layout-flow wp-block-query-is-layout-flow\"><ul class=\"is-flex-container columns-3 aligncenter wp-block-post-template is-layout-flow wp-block-post-template-is-layout-flow\"><li class=\"wp-block-post post-3602 cp_vehicles type-cp_vehicles status-publish has-post-thumbnail hentry\">\n<figure style=\"height:250px;\" class=\"aligncenter text-center wp-block-post-featured-image\"><a href=\"https:\/\/www.ciclopower.es\/de\/vehicles\/jobe-vanity-wakeboard\/\" target=\"_self\"  style=\"height:250px\"><img loading=\"lazy\" decoding=\"async\" width=\"960\" height=\"1200\" src=\"https:\/\/www.ciclopower.es\/wp-content\/uploads\/2022\/05\/wakeboard.jpg\" class=\"attachment-post-thumbnail size-post-thumbnail wp-post-image\" alt=\"Jobe Wakeboard Vermietung\" style=\"height:250px;object-fit:contain;\" srcset=\"https:\/\/www.ciclopower.es\/wp-content\/uploads\/2022\/05\/wakeboard.jpg 960w, https:\/\/www.ciclopower.es\/wp-content\/uploads\/2022\/05\/wakeboard-720x900.jpg 720w, https:\/\/www.ciclopower.es\/wp-content\/uploads\/2022\/05\/wakeboard-768x960.jpg 768w\" sizes=\"auto, (max-width: 960px) 100vw, 960px\" \/><\/a><\/figure>\n\n<h2 class=\"wp-block-post-title\"><a href=\"https:\/\/www.ciclopower.es\/de\/vehicles\/jobe-vanity-wakeboard\/\" target=\"_self\" >Jobe Wakeboard Vermietung<\/a><\/h2>\n\n<div class=\"wp-block-post-excerpt\"><p class=\"wp-block-post-excerpt__excerpt\">Jobe Wakeboard Vermietung Ciclopower Wakeboarding, das perfekte Angebot f\u00fcr Wassersportler Ciclopower Wakeboarding: ein Erlebnis, das man erlebt haben muss Ciclopower Wakeboarding ist eine Erfahrung, die Sie lieben werden, wenn Sie ein Liebhaber des Meeres und&#8230;<\/p><p class=\"wp-block-post-excerpt__more-text\"><a class=\"wp-block-post-excerpt__more-link\" href=\"https:\/\/www.ciclopower.es\/de\/vehicles\/jobe-vanity-wakeboard\/\">Leer m\u00e1s<\/a><\/p><\/div>\n<\/li><li class=\"wp-block-post post-3537 cp_vehicles type-cp_vehicles status-publish has-post-thumbnail hentry vh_category-acuaticos\">\n<figure style=\"height:250px;\" class=\"aligncenter text-center wp-block-post-featured-image\"><a href=\"https:\/\/www.ciclopower.es\/de\/vehicles\/bootsverleih\/\" target=\"_self\"  style=\"height:250px\"><img loading=\"lazy\" decoding=\"async\" width=\"2560\" height=\"1920\" src=\"https:\/\/www.ciclopower.es\/wp-content\/uploads\/2022\/05\/IMG_1251-scaled.jpg\" class=\"attachment-post-thumbnail size-post-thumbnail wp-post-image\" alt=\"Bootsverleih\" style=\"height:250px;object-fit:contain;\" srcset=\"https:\/\/www.ciclopower.es\/wp-content\/uploads\/2022\/05\/IMG_1251-scaled.jpg 2560w, https:\/\/www.ciclopower.es\/wp-content\/uploads\/2022\/05\/IMG_1251-300x225.jpg 300w, https:\/\/www.ciclopower.es\/wp-content\/uploads\/2022\/05\/IMG_1251-1024x768.jpg 1024w, https:\/\/www.ciclopower.es\/wp-content\/uploads\/2022\/05\/IMG_1251-768x576.jpg 768w, https:\/\/www.ciclopower.es\/wp-content\/uploads\/2022\/05\/IMG_1251-1536x1152.jpg 1536w, https:\/\/www.ciclopower.es\/wp-content\/uploads\/2022\/05\/IMG_1251-2048x1536.jpg 2048w, https:\/\/www.ciclopower.es\/wp-content\/uploads\/2022\/05\/IMG_1251-1867x1400.jpg 1867w\" sizes=\"auto, (max-width: 2560px) 100vw, 2560px\" \/><\/a><\/figure>\n\n<h2 class=\"wp-block-post-title\"><a href=\"https:\/\/www.ciclopower.es\/de\/vehicles\/bootsverleih\/\" target=\"_self\" >Bootsverleih<\/a><\/h2>\n\n<div class=\"wp-block-post-excerpt\"><p class=\"wp-block-post-excerpt__excerpt\">Bootsverleih in Puerto de la Duquesa M\u00f6chten Sie mit uns segeln? Feiern: Erleben Sie ein gl\u00fcckliches Erlebnis, Abschied, Geburtstage, Jubil\u00e4en, Gruppen von Freunden oder Familien mit bis zu maximal 8 Personen und genie\u00dfen Sie Ihr&#8230;<\/p><p class=\"wp-block-post-excerpt__more-text\"><a class=\"wp-block-post-excerpt__more-link\" href=\"https:\/\/www.ciclopower.es\/de\/vehicles\/bootsverleih\/\">Leer m\u00e1s<\/a><\/p><\/div>\n<\/li><li class=\"wp-block-post post-4119 cp_vehicles type-cp_vehicles status-publish has-post-thumbnail hentry vh_category-acuaticos\">\n<figure style=\"height:250px;\" class=\"aligncenter text-center wp-block-post-featured-image\"><a href=\"https:\/\/www.ciclopower.es\/de\/vehicles\/big-paddle-sup-ciclopower-vermietung\/\" target=\"_self\"  style=\"height:250px\"><img loading=\"lazy\" decoding=\"async\" width=\"1520\" height=\"700\" src=\"https:\/\/www.ciclopower.es\/wp-content\/uploads\/2024\/05\/BigPaddleSup.jpg\" class=\"attachment-post-thumbnail size-post-thumbnail wp-post-image\" alt=\"Big Paddle sup Ciclopower Vermietung\" style=\"height:250px;object-fit:contain;\" srcset=\"https:\/\/www.ciclopower.es\/wp-content\/uploads\/2024\/05\/BigPaddleSup.jpg 1520w, https:\/\/www.ciclopower.es\/wp-content\/uploads\/2024\/05\/BigPaddleSup-900x414.jpg 900w, https:\/\/www.ciclopower.es\/wp-content\/uploads\/2024\/05\/BigPaddleSup-768x354.jpg 768w\" sizes=\"auto, (max-width: 1520px) 100vw, 1520px\" \/><\/a><\/figure>\n\n<h2 class=\"wp-block-post-title\"><a href=\"https:\/\/www.ciclopower.es\/de\/vehicles\/big-paddle-sup-ciclopower-vermietung\/\" target=\"_self\" >Big Paddle sup Ciclopower Vermietung<\/a><\/h2>\n\n<div class=\"wp-block-post-excerpt\"><p class=\"wp-block-post-excerpt__excerpt\">Big Paddle sup Ciclopower Vermietung Big Paddle sup Ciclopower ist eine Wasseraktivit\u00e4t f\u00fcr gro\u00dfe Familien, Junggesellenabschiede, Freundeskreise, f\u00fcr Gruppen von mindestens 4 Erwachsenen und maximal 8 Erwachsenen. Wenn es sich um Minderj\u00e4hrige handelt: mindestens 4&#8230;<\/p><p class=\"wp-block-post-excerpt__more-text\"><a class=\"wp-block-post-excerpt__more-link\" href=\"https:\/\/www.ciclopower.es\/de\/vehicles\/big-paddle-sup-ciclopower-vermietung\/\">Leer m\u00e1s<\/a><\/p><\/div>\n<\/li><\/ul><\/div>\n\n\n\n<div style=\"height:64px\" aria-hidden=\"true\" class=\"wp-block-spacer\"><\/div>\n\n\n\n<h2 class=\"has-text-align-center has-large-font-size wp-block-heading\">Unsere Aktivit\u00e4ten<\/h2>\n\n\n\n<div style=\"height:32px\" aria-hidden=\"true\" class=\"wp-block-spacer\"><\/div>\n\n\n\n<div class=\"wp-block-query is-layout-flow wp-block-query-is-layout-flow\"><ul class=\"is-flex-container columns-2 aligncenter wp-block-post-template is-layout-flow wp-block-post-template-is-layout-flow\"><li class=\"wp-block-post post-3150 post type-post status-publish format-standard has-post-thumbnail hentry category-tours-de\">\n<figure style=\"height:350px;\" class=\"aligncenter text-center wp-block-post-featured-image\"><a href=\"https:\/\/www.ciclopower.es\/de\/tour-playa-paraisos\/\" target=\"_self\"  style=\"height:350px\"><img loading=\"lazy\" decoding=\"async\" width=\"1000\" height=\"563\" src=\"https:\/\/www.ciclopower.es\/wp-content\/uploads\/2022\/05\/1965812.webp\" class=\"attachment-post-thumbnail size-post-thumbnail wp-post-image\" alt=\"Tour Playa Para\u00edsos\" style=\"height:350px;object-fit:cover;\" srcset=\"https:\/\/www.ciclopower.es\/wp-content\/uploads\/2022\/05\/1965812.webp 1000w, https:\/\/www.ciclopower.es\/wp-content\/uploads\/2022\/05\/1965812-300x169.webp 300w, https:\/\/www.ciclopower.es\/wp-content\/uploads\/2022\/05\/1965812-768x432.webp 768w\" sizes=\"auto, (max-width: 1000px) 100vw, 1000px\" \/><\/a><\/figure>\n\n<h2 class=\"wp-block-post-title\"><a href=\"https:\/\/www.ciclopower.es\/de\/tour-playa-paraisos\/\" target=\"_self\" >Tour Playa Para\u00edsos<\/a><\/h2>\n\n<div class=\"wp-block-post-excerpt\"><p class=\"wp-block-post-excerpt__excerpt\">Tour Playa Para\u00edsos Empfohlene Tour f\u00fcr Familien und Paare Abfahrt vom Gesch\u00e4ft in Richtung Playa Para\u00edsos, vorbei an der Sabinillas-Promenade, der Nachbarschaft, Puerto de la Duquesa, dem Campingplatz El Castillo de la Duquesa, durchqueren ein&#8230;<\/p><p class=\"wp-block-post-excerpt__more-text\"><a class=\"wp-block-post-excerpt__more-link\" href=\"https:\/\/www.ciclopower.es\/de\/tour-playa-paraisos\/\">Leer m\u00e1s<\/a><\/p><\/div>\n<\/li><li class=\"wp-block-post post-3151 post type-post status-publish format-standard has-post-thumbnail hentry category-tours-de\">\n<figure style=\"height:350px;\" class=\"aligncenter text-center wp-block-post-featured-image\"><a href=\"https:\/\/www.ciclopower.es\/de\/tour-puerto-de-la-duquesa\/\" target=\"_self\"  style=\"height:350px\"><img loading=\"lazy\" decoding=\"async\" width=\"1200\" height=\"675\" src=\"https:\/\/www.ciclopower.es\/wp-content\/uploads\/2022\/04\/1.jpg\" class=\"attachment-post-thumbnail size-post-thumbnail wp-post-image\" alt=\"Tour Puerto de la Duquesa\" style=\"height:350px;object-fit:cover;\" srcset=\"https:\/\/www.ciclopower.es\/wp-content\/uploads\/2022\/04\/1.jpg 1200w, https:\/\/www.ciclopower.es\/wp-content\/uploads\/2022\/04\/1-300x169.jpg 300w, https:\/\/www.ciclopower.es\/wp-content\/uploads\/2022\/04\/1-1024x576.jpg 1024w, https:\/\/www.ciclopower.es\/wp-content\/uploads\/2022\/04\/1-768x432.jpg 768w\" sizes=\"auto, (max-width: 1200px) 100vw, 1200px\" \/><\/a><\/figure>\n\n<h2 class=\"wp-block-post-title\"><a href=\"https:\/\/www.ciclopower.es\/de\/tour-puerto-de-la-duquesa\/\" target=\"_self\" >Tour Puerto de la Duquesa<\/a><\/h2>\n\n<div class=\"wp-block-post-excerpt\"><p class=\"wp-block-post-excerpt__excerpt\">Tour Puerto de la Duquesa Empfohlene Tour f\u00fcr Familien und Paare Der Startpunkt w\u00fcrde an der Sabinillas-Promenade in Richtung Puerto de la Duquesa entlang der gesamten K\u00fcstenlinie beginnen. Es w\u00e4re der erste Kontakt mit dem&#8230;<\/p><p class=\"wp-block-post-excerpt__more-text\"><a class=\"wp-block-post-excerpt__more-link\" href=\"https:\/\/www.ciclopower.es\/de\/tour-puerto-de-la-duquesa\/\">Leer m\u00e1s<\/a><\/p><\/div>\n<\/li><\/ul><\/div>\n","protected":false},"excerpt":{"rendered":"<p>DAS ABENTEUER BEGINNT HIER M\u00d6CHTEN SIE EINE SEGWAY-TOUR ENTLANG DER PROMENADE VON SABINILLAS \/ DUQUESA MACHEN? Wir haben verschiedene Fahrten und Touren durch Gebiete der Costa del Sol f\u00fcr die ganze Familie. Melden Sie sich&#8230;<\/p>\n","protected":false},"author":1,"featured_media":3382,"parent":0,"menu_order":0,"comment_status":"closed","ping_status":"closed","template":"template-home.php","meta":{"footnotes":""},"class_list":["post-3381","page","type-page","status-publish","has-post-thumbnail","hentry"],"yoast_head":"<!-- This site is optimized with the Yoast SEO plugin v27.4 - https:\/\/yoast.com\/product\/yoast-seo-wordpress\/ -->\n<title>DAS ABENTEUER BEGINNT HIER - Ciclopower<\/title>\n<meta name=\"robots\" content=\"index, follow, max-snippet:-1, max-image-preview:large, max-video-preview:-1\" \/>\n<link rel=\"canonical\" href=\"https:\/\/www.ciclopower.es\/de\/\" \/>\n<meta property=\"og:locale\" content=\"de_DE\" \/>\n<meta property=\"og:type\" content=\"article\" \/>\n<meta property=\"og:title\" content=\"DAS ABENTEUER BEGINNT HIER - Ciclopower\" \/>\n<meta property=\"og:description\" content=\"DAS ABENTEUER BEGINNT HIER M\u00d6CHTEN SIE EINE SEGWAY-TOUR ENTLANG DER PROMENADE VON SABINILLAS \/ DUQUESA MACHEN? Wir haben verschiedene Fahrten und Touren durch Gebiete der Costa del Sol f\u00fcr die ganze Familie. Melden Sie sich...\" \/>\n<meta property=\"og:url\" content=\"https:\/\/www.ciclopower.es\/de\/\" \/>\n<meta property=\"og:site_name\" content=\"Ciclopower\" \/>\n<meta property=\"article:publisher\" content=\"https:\/\/www.facebook.com\/CicloPowerSabinillas\/\" \/>\n<meta property=\"article:modified_time\" content=\"2022-05-03T13:44:04+00:00\" \/>\n<meta property=\"og:image\" content=\"https:\/\/www.ciclopower.es\/wp-content\/uploads\/2020\/06\/puerto-banus.jpg\" \/>\n\t<meta property=\"og:image:width\" content=\"1920\" \/>\n\t<meta property=\"og:image:height\" content=\"1080\" \/>\n\t<meta property=\"og:image:type\" content=\"image\/jpeg\" \/>\n<meta name=\"twitter:card\" content=\"summary_large_image\" \/>\n<meta name=\"twitter:label1\" content=\"Gesch\u00e4tzte Lesezeit\" \/>\n\t<meta name=\"twitter:data1\" content=\"1\u00a0Minute\" \/>\n<script type=\"application\/ld+json\" class=\"yoast-schema-graph\">{\"@context\":\"https:\\\/\\\/schema.org\",\"@graph\":[{\"@type\":\"WebPage\",\"@id\":\"https:\\\/\\\/www.ciclopower.es\\\/de\\\/\",\"url\":\"https:\\\/\\\/www.ciclopower.es\\\/de\\\/\",\"name\":\"DAS ABENTEUER BEGINNT HIER - Ciclopower\",\"isPartOf\":{\"@id\":\"https:\\\/\\\/www.ciclopower.es\\\/de\\\/#website\"},\"primaryImageOfPage\":{\"@id\":\"https:\\\/\\\/www.ciclopower.es\\\/de\\\/#primaryimage\"},\"image\":{\"@id\":\"https:\\\/\\\/www.ciclopower.es\\\/de\\\/#primaryimage\"},\"thumbnailUrl\":\"https:\\\/\\\/www.ciclopower.es\\\/wp-content\\\/uploads\\\/2020\\\/06\\\/puerto-banus.jpg\",\"datePublished\":\"2022-04-28T14:16:25+00:00\",\"dateModified\":\"2022-05-03T13:44:04+00:00\",\"breadcrumb\":{\"@id\":\"https:\\\/\\\/www.ciclopower.es\\\/de\\\/#breadcrumb\"},\"inLanguage\":\"de\",\"potentialAction\":[{\"@type\":\"ReadAction\",\"target\":[\"https:\\\/\\\/www.ciclopower.es\\\/de\\\/\"]}]},{\"@type\":\"ImageObject\",\"inLanguage\":\"de\",\"@id\":\"https:\\\/\\\/www.ciclopower.es\\\/de\\\/#primaryimage\",\"url\":\"https:\\\/\\\/www.ciclopower.es\\\/wp-content\\\/uploads\\\/2020\\\/06\\\/puerto-banus.jpg\",\"contentUrl\":\"https:\\\/\\\/www.ciclopower.es\\\/wp-content\\\/uploads\\\/2020\\\/06\\\/puerto-banus.jpg\",\"width\":1920,\"height\":1080},{\"@type\":\"BreadcrumbList\",\"@id\":\"https:\\\/\\\/www.ciclopower.es\\\/de\\\/#breadcrumb\",\"itemListElement\":[{\"@type\":\"ListItem\",\"position\":1,\"name\":\"Portada\",\"item\":\"https:\\\/\\\/www.ciclopower.es\\\/de\\\/\"},{\"@type\":\"ListItem\",\"position\":2,\"name\":\"DAS ABENTEUER BEGINNT HIER\"}]},{\"@type\":\"WebSite\",\"@id\":\"https:\\\/\\\/www.ciclopower.es\\\/de\\\/#website\",\"url\":\"https:\\\/\\\/www.ciclopower.es\\\/de\\\/\",\"name\":\"Ciclopower Sabinillas\",\"description\":\"La aventura empieza aqu\u00ed\",\"publisher\":{\"@id\":\"https:\\\/\\\/www.ciclopower.es\\\/de\\\/#organization\"},\"potentialAction\":[{\"@type\":\"SearchAction\",\"target\":{\"@type\":\"EntryPoint\",\"urlTemplate\":\"https:\\\/\\\/www.ciclopower.es\\\/de\\\/?s={search_term_string}\"},\"query-input\":{\"@type\":\"PropertyValueSpecification\",\"valueRequired\":true,\"valueName\":\"search_term_string\"}}],\"inLanguage\":\"de\"},{\"@type\":\"Organization\",\"@id\":\"https:\\\/\\\/www.ciclopower.es\\\/de\\\/#organization\",\"name\":\"Ciclopower Sabinillas\",\"alternateName\":\"Ciclopower\",\"url\":\"https:\\\/\\\/www.ciclopower.es\\\/de\\\/\",\"logo\":{\"@type\":\"ImageObject\",\"inLanguage\":\"de\",\"@id\":\"https:\\\/\\\/www.ciclopower.es\\\/de\\\/#\\\/schema\\\/logo\\\/image\\\/\",\"url\":\"https:\\\/\\\/www.ciclopower.es\\\/wp-content\\\/uploads\\\/2022\\\/04\\\/logo_header2.png\",\"contentUrl\":\"https:\\\/\\\/www.ciclopower.es\\\/wp-content\\\/uploads\\\/2022\\\/04\\\/logo_header2.png\",\"width\":800,\"height\":150,\"caption\":\"Ciclopower Sabinillas\"},\"image\":{\"@id\":\"https:\\\/\\\/www.ciclopower.es\\\/de\\\/#\\\/schema\\\/logo\\\/image\\\/\"},\"sameAs\":[\"https:\\\/\\\/www.facebook.com\\\/CicloPowerSabinillas\\\/\",\"https:\\\/\\\/www.instagram.com\\\/ciclopower.es\\\/\"]}]}<\/script>\n<!-- \/ Yoast SEO plugin. -->","yoast_head_json":{"title":"DAS ABENTEUER BEGINNT HIER - Ciclopower","robots":{"index":"index","follow":"follow","max-snippet":"max-snippet:-1","max-image-preview":"max-image-preview:large","max-video-preview":"max-video-preview:-1"},"canonical":"https:\/\/www.ciclopower.es\/de\/","og_locale":"de_DE","og_type":"article","og_title":"DAS ABENTEUER BEGINNT HIER - Ciclopower","og_description":"DAS ABENTEUER BEGINNT HIER M\u00d6CHTEN SIE EINE SEGWAY-TOUR ENTLANG DER PROMENADE VON SABINILLAS \/ DUQUESA MACHEN? Wir haben verschiedene Fahrten und Touren durch Gebiete der Costa del Sol f\u00fcr die ganze Familie. Melden Sie sich...","og_url":"https:\/\/www.ciclopower.es\/de\/","og_site_name":"Ciclopower","article_publisher":"https:\/\/www.facebook.com\/CicloPowerSabinillas\/","article_modified_time":"2022-05-03T13:44:04+00:00","og_image":[{"width":1920,"height":1080,"url":"https:\/\/www.ciclopower.es\/wp-content\/uploads\/2020\/06\/puerto-banus.jpg","type":"image\/jpeg"}],"twitter_card":"summary_large_image","twitter_misc":{"Gesch\u00e4tzte Lesezeit":"1\u00a0Minute"},"schema":{"@context":"https:\/\/schema.org","@graph":[{"@type":"WebPage","@id":"https:\/\/www.ciclopower.es\/de\/","url":"https:\/\/www.ciclopower.es\/de\/","name":"DAS ABENTEUER BEGINNT HIER - Ciclopower","isPartOf":{"@id":"https:\/\/www.ciclopower.es\/de\/#website"},"primaryImageOfPage":{"@id":"https:\/\/www.ciclopower.es\/de\/#primaryimage"},"image":{"@id":"https:\/\/www.ciclopower.es\/de\/#primaryimage"},"thumbnailUrl":"https:\/\/www.ciclopower.es\/wp-content\/uploads\/2020\/06\/puerto-banus.jpg","datePublished":"2022-04-28T14:16:25+00:00","dateModified":"2022-05-03T13:44:04+00:00","breadcrumb":{"@id":"https:\/\/www.ciclopower.es\/de\/#breadcrumb"},"inLanguage":"de","potentialAction":[{"@type":"ReadAction","target":["https:\/\/www.ciclopower.es\/de\/"]}]},{"@type":"ImageObject","inLanguage":"de","@id":"https:\/\/www.ciclopower.es\/de\/#primaryimage","url":"https:\/\/www.ciclopower.es\/wp-content\/uploads\/2020\/06\/puerto-banus.jpg","contentUrl":"https:\/\/www.ciclopower.es\/wp-content\/uploads\/2020\/06\/puerto-banus.jpg","width":1920,"height":1080},{"@type":"BreadcrumbList","@id":"https:\/\/www.ciclopower.es\/de\/#breadcrumb","itemListElement":[{"@type":"ListItem","position":1,"name":"Portada","item":"https:\/\/www.ciclopower.es\/de\/"},{"@type":"ListItem","position":2,"name":"DAS ABENTEUER BEGINNT HIER"}]},{"@type":"WebSite","@id":"https:\/\/www.ciclopower.es\/de\/#website","url":"https:\/\/www.ciclopower.es\/de\/","name":"Ciclopower Sabinillas","description":"La aventura empieza aqu\u00ed","publisher":{"@id":"https:\/\/www.ciclopower.es\/de\/#organization"},"potentialAction":[{"@type":"SearchAction","target":{"@type":"EntryPoint","urlTemplate":"https:\/\/www.ciclopower.es\/de\/?s={search_term_string}"},"query-input":{"@type":"PropertyValueSpecification","valueRequired":true,"valueName":"search_term_string"}}],"inLanguage":"de"},{"@type":"Organization","@id":"https:\/\/www.ciclopower.es\/de\/#organization","name":"Ciclopower Sabinillas","alternateName":"Ciclopower","url":"https:\/\/www.ciclopower.es\/de\/","logo":{"@type":"ImageObject","inLanguage":"de","@id":"https:\/\/www.ciclopower.es\/de\/#\/schema\/logo\/image\/","url":"https:\/\/www.ciclopower.es\/wp-content\/uploads\/2022\/04\/logo_header2.png","contentUrl":"https:\/\/www.ciclopower.es\/wp-content\/uploads\/2022\/04\/logo_header2.png","width":800,"height":150,"caption":"Ciclopower Sabinillas"},"image":{"@id":"https:\/\/www.ciclopower.es\/de\/#\/schema\/logo\/image\/"},"sameAs":["https:\/\/www.facebook.com\/CicloPowerSabinillas\/","https:\/\/www.instagram.com\/ciclopower.es\/"]}]}},"_links":{"self":[{"href":"https:\/\/www.ciclopower.es\/de\/wp-json\/wp\/v2\/pages\/3381","targetHints":{"allow":["GET"]}}],"collection":[{"href":"https:\/\/www.ciclopower.es\/de\/wp-json\/wp\/v2\/pages"}],"about":[{"href":"https:\/\/www.ciclopower.es\/de\/wp-json\/wp\/v2\/types\/page"}],"author":[{"embeddable":true,"href":"https:\/\/www.ciclopower.es\/de\/wp-json\/wp\/v2\/users\/1"}],"replies":[{"embeddable":true,"href":"https:\/\/www.ciclopower.es\/de\/wp-json\/wp\/v2\/comments?post=3381"}],"version-history":[{"count":1,"href":"https:\/\/www.ciclopower.es\/de\/wp-json\/wp\/v2\/pages\/3381\/revisions"}],"predecessor-version":[{"id":3386,"href":"https:\/\/www.ciclopower.es\/de\/wp-json\/wp\/v2\/pages\/3381\/revisions\/3386"}],"wp:featuredmedia":[{"embeddable":true,"href":"https:\/\/www.ciclopower.es\/de\/wp-json\/wp\/v2\/media\/3382"}],"wp:attachment":[{"href":"https:\/\/www.ciclopower.es\/de\/wp-json\/wp\/v2\/media?parent=3381"}],"curies":[{"name":"wp","href":"https:\/\/api.w.org\/{rel}","templated":true}]}}