{"id":3379,"date":"2022-04-28T14:16:25","date_gmt":"2022-04-28T14:16:25","guid":{"rendered":"https:\/\/www.ciclopower.es\/la-aventura-empieza-aqui\/"},"modified":"2022-05-03T13:43:05","modified_gmt":"2022-05-03T13:43:05","slug":"la-aventura-empieza-aqui","status":"publish","type":"page","link":"https:\/\/www.ciclopower.es\/fr\/","title":{"rendered":"L&rsquo;AVENTURE COMMENCE ICI"},"content":{"rendered":"\n<h1 class=\"has-text-align-center wp-block-heading\">L&rsquo;AVENTURE COMMENCE ICI<\/h1>\n\n\n\n<div style=\"height:64px\" aria-hidden=\"true\" class=\"wp-block-spacer\"><\/div>\n\n\n\n<h4 class=\"has-text-align-center wp-block-heading\">VOULEZ-VOUS FAIRE UN TOUR EN SEGWAY LE LONG DE LA PROMENADE DE SABINILLAS \/ DUQUESA?<\/h4>\n\n\n\n<p class=\"has-text-align-center\">Nous proposons diff\u00e9rents man\u00e8ges et circuits \u00e0 travers les r\u00e9gions de la Costa del Sol pour toute la famille. <a href=\"https:\/\/www.ciclopower.es\/fr\/activites\/\">Faire un tour<\/a>!<\/p>\n\n\n\n<div style=\"height:64px\" aria-hidden=\"true\" class=\"wp-block-spacer\"><\/div>\n\n\n\n<h2 class=\"has-text-align-center has-large-font-size wp-block-heading\">Nos derniers v\u00e9hicules<\/h2>\n\n\n\n<div style=\"height:32px\" aria-hidden=\"true\" class=\"wp-block-spacer\"><\/div>\n\n\n\n<div class=\"wp-block-query is-layout-flow wp-block-query-is-layout-flow\"><ul class=\"is-flex-container columns-3 aligncenter wp-block-post-template is-layout-flow wp-block-post-template-is-layout-flow\"><li class=\"wp-block-post post-3598 cp_vehicles type-cp_vehicles status-publish has-post-thumbnail hentry\">\n<figure style=\"height:250px;\" class=\"aligncenter text-center wp-block-post-featured-image\"><a href=\"https:\/\/www.ciclopower.es\/fr\/vehicles\/jobe-vanity-wakeboard\/\" target=\"_self\"  style=\"height:250px\"><img loading=\"lazy\" decoding=\"async\" width=\"960\" height=\"1200\" src=\"https:\/\/www.ciclopower.es\/wp-content\/uploads\/2022\/05\/wakeboard.jpg\" class=\"attachment-post-thumbnail size-post-thumbnail wp-post-image\" alt=\"Jobe Vanity Wakeboard\" style=\"height:250px;object-fit:contain;\" srcset=\"https:\/\/www.ciclopower.es\/wp-content\/uploads\/2022\/05\/wakeboard.jpg 960w, https:\/\/www.ciclopower.es\/wp-content\/uploads\/2022\/05\/wakeboard-720x900.jpg 720w, https:\/\/www.ciclopower.es\/wp-content\/uploads\/2022\/05\/wakeboard-768x960.jpg 768w\" sizes=\"auto, (max-width: 960px) 100vw, 960px\" \/><\/a><\/figure>\n\n<h2 class=\"wp-block-post-title\"><a href=\"https:\/\/www.ciclopower.es\/fr\/vehicles\/jobe-vanity-wakeboard\/\" target=\"_self\" >Jobe Vanity Wakeboard<\/a><\/h2>\n\n<div class=\"wp-block-post-excerpt\"><p class=\"wp-block-post-excerpt__excerpt\">Location de Wakeboard Jobe Ciclopower Wakeboarding, le plan parfait pour les amateurs de sports nautiques Ciclopower Wakeboarding : une exp\u00e9rience \u00e0 vivre absolument Le wakeboard Ciclopower est une exp\u00e9rience que vous allez adorer si vous&#8230;<\/p><p class=\"wp-block-post-excerpt__more-text\"><a class=\"wp-block-post-excerpt__more-link\" href=\"https:\/\/www.ciclopower.es\/fr\/vehicles\/jobe-vanity-wakeboard\/\">Leer m\u00e1s<\/a><\/p><\/div>\n<\/li><li class=\"wp-block-post post-3532 cp_vehicles type-cp_vehicles status-publish has-post-thumbnail hentry vh_category-acuaticos\">\n<figure style=\"height:250px;\" class=\"aligncenter text-center wp-block-post-featured-image\"><a href=\"https:\/\/www.ciclopower.es\/fr\/vehicles\/location-de-bateaux\/\" target=\"_self\"  style=\"height:250px\"><img loading=\"lazy\" decoding=\"async\" width=\"2560\" height=\"1920\" src=\"https:\/\/www.ciclopower.es\/wp-content\/uploads\/2022\/05\/IMG_1251-scaled.jpg\" class=\"attachment-post-thumbnail size-post-thumbnail wp-post-image\" alt=\"Location de bateaux\" style=\"height:250px;object-fit:contain;\" srcset=\"https:\/\/www.ciclopower.es\/wp-content\/uploads\/2022\/05\/IMG_1251-scaled.jpg 2560w, https:\/\/www.ciclopower.es\/wp-content\/uploads\/2022\/05\/IMG_1251-300x225.jpg 300w, https:\/\/www.ciclopower.es\/wp-content\/uploads\/2022\/05\/IMG_1251-1024x768.jpg 1024w, https:\/\/www.ciclopower.es\/wp-content\/uploads\/2022\/05\/IMG_1251-768x576.jpg 768w, https:\/\/www.ciclopower.es\/wp-content\/uploads\/2022\/05\/IMG_1251-1536x1152.jpg 1536w, https:\/\/www.ciclopower.es\/wp-content\/uploads\/2022\/05\/IMG_1251-2048x1536.jpg 2048w, https:\/\/www.ciclopower.es\/wp-content\/uploads\/2022\/05\/IMG_1251-1867x1400.jpg 1867w\" sizes=\"auto, (max-width: 2560px) 100vw, 2560px\" \/><\/a><\/figure>\n\n<h2 class=\"wp-block-post-title\"><a href=\"https:\/\/www.ciclopower.es\/fr\/vehicles\/location-de-bateaux\/\" target=\"_self\" >Location de bateaux<\/a><\/h2>\n\n<div class=\"wp-block-post-excerpt\"><p class=\"wp-block-post-excerpt__excerpt\">Location de bateaux \u00e0 Puerto de la Duquesa Vous souhaitez naviguer avec nous? Des soir\u00e9es: Vivez une exp\u00e9rience heureuse, adieu, anniversaires, groupes d&rsquo;amis ou familles jusqu&rsquo;\u00e0 un maximum de 8 personnes et vous pourrez profiter&#8230;<\/p><p class=\"wp-block-post-excerpt__more-text\"><a class=\"wp-block-post-excerpt__more-link\" href=\"https:\/\/www.ciclopower.es\/fr\/vehicles\/location-de-bateaux\/\">Leer m\u00e1s<\/a><\/p><\/div>\n<\/li><li class=\"wp-block-post post-4118 cp_vehicles type-cp_vehicles status-publish has-post-thumbnail hentry vh_category-acuaticos\">\n<figure style=\"height:250px;\" class=\"aligncenter text-center wp-block-post-featured-image\"><a href=\"https:\/\/www.ciclopower.es\/fr\/vehicles\/location-big-paddle-sup-ciclopower\/\" target=\"_self\"  style=\"height:250px\"><img loading=\"lazy\" decoding=\"async\" width=\"1520\" height=\"700\" src=\"https:\/\/www.ciclopower.es\/wp-content\/uploads\/2024\/05\/BigPaddleSup.jpg\" class=\"attachment-post-thumbnail size-post-thumbnail wp-post-image\" alt=\"Location Big Paddle sup Ciclopower\" style=\"height:250px;object-fit:contain;\" srcset=\"https:\/\/www.ciclopower.es\/wp-content\/uploads\/2024\/05\/BigPaddleSup.jpg 1520w, https:\/\/www.ciclopower.es\/wp-content\/uploads\/2024\/05\/BigPaddleSup-900x414.jpg 900w, https:\/\/www.ciclopower.es\/wp-content\/uploads\/2024\/05\/BigPaddleSup-768x354.jpg 768w\" sizes=\"auto, (max-width: 1520px) 100vw, 1520px\" \/><\/a><\/figure>\n\n<h2 class=\"wp-block-post-title\"><a href=\"https:\/\/www.ciclopower.es\/fr\/vehicles\/location-big-paddle-sup-ciclopower\/\" target=\"_self\" >Location Big Paddle sup Ciclopower<\/a><\/h2>\n\n<div class=\"wp-block-post-excerpt\"><p class=\"wp-block-post-excerpt__excerpt\">Location Big Paddle sup Ciclopower Big Paddle sup Ciclopower est une activit\u00e9 nautique con\u00e7ue pour les familles nombreuses, les enterrements de vie de gar\u00e7on ou de jeune fille, les groupes d&rsquo;amis, pour un minimum de&#8230;<\/p><p class=\"wp-block-post-excerpt__more-text\"><a class=\"wp-block-post-excerpt__more-link\" href=\"https:\/\/www.ciclopower.es\/fr\/vehicles\/location-big-paddle-sup-ciclopower\/\">Leer m\u00e1s<\/a><\/p><\/div>\n<\/li><\/ul><\/div>\n\n\n\n<div style=\"height:64px\" aria-hidden=\"true\" class=\"wp-block-spacer\"><\/div>\n\n\n\n<h2 class=\"has-text-align-center has-large-font-size wp-block-heading\">Nos activit\u00e9s<\/h2>\n\n\n\n<div style=\"height:32px\" aria-hidden=\"true\" class=\"wp-block-spacer\"><\/div>\n\n\n\n<div class=\"wp-block-query is-layout-flow wp-block-query-is-layout-flow\"><ul class=\"is-flex-container columns-2 aligncenter wp-block-post-template is-layout-flow wp-block-post-template-is-layout-flow\"><li class=\"wp-block-post post-3142 post type-post status-publish format-standard has-post-thumbnail hentry category-tours-fr\">\n<figure style=\"height:350px;\" class=\"aligncenter text-center wp-block-post-featured-image\"><a href=\"https:\/\/www.ciclopower.es\/fr\/visite-plage-paraisos\/\" target=\"_self\"  style=\"height:350px\"><img loading=\"lazy\" decoding=\"async\" width=\"1000\" height=\"563\" src=\"https:\/\/www.ciclopower.es\/wp-content\/uploads\/2022\/05\/1965812.webp\" class=\"attachment-post-thumbnail size-post-thumbnail wp-post-image\" alt=\"Visite Plage Para\u00edsos\" style=\"height:350px;object-fit:cover;\" srcset=\"https:\/\/www.ciclopower.es\/wp-content\/uploads\/2022\/05\/1965812.webp 1000w, https:\/\/www.ciclopower.es\/wp-content\/uploads\/2022\/05\/1965812-300x169.webp 300w, https:\/\/www.ciclopower.es\/wp-content\/uploads\/2022\/05\/1965812-768x432.webp 768w\" sizes=\"auto, (max-width: 1000px) 100vw, 1000px\" \/><\/a><\/figure>\n\n<h2 class=\"wp-block-post-title\"><a href=\"https:\/\/www.ciclopower.es\/fr\/visite-plage-paraisos\/\" target=\"_self\" >Visite Plage Para\u00edsos<\/a><\/h2>\n\n<div class=\"wp-block-post-excerpt\"><p class=\"wp-block-post-excerpt__excerpt\">Visite Plage Para\u00edsos Visite recommand\u00e9e pour les familles et les couples Punto de salida desde la tienda con direcci\u00f3n a playa Para\u00edsos, pasando por el paseo mar\u00edtimo de Sabinillas ,la colonia ,el Puerto de la&#8230;<\/p><p class=\"wp-block-post-excerpt__more-text\"><a class=\"wp-block-post-excerpt__more-link\" href=\"https:\/\/www.ciclopower.es\/fr\/visite-plage-paraisos\/\">Leer m\u00e1s<\/a><\/p><\/div>\n<\/li><li class=\"wp-block-post post-3143 post type-post status-publish format-standard has-post-thumbnail hentry category-tours-fr\">\n<figure style=\"height:350px;\" class=\"aligncenter text-center wp-block-post-featured-image\"><a href=\"https:\/\/www.ciclopower.es\/fr\/tour-du-port-de-la-duquesa\/\" target=\"_self\"  style=\"height:350px\"><img loading=\"lazy\" decoding=\"async\" width=\"1200\" height=\"675\" src=\"https:\/\/www.ciclopower.es\/wp-content\/uploads\/2022\/04\/1.jpg\" class=\"attachment-post-thumbnail size-post-thumbnail wp-post-image\" alt=\"TOUR DU PORT DE LA DUQUESA\" style=\"height:350px;object-fit:cover;\" srcset=\"https:\/\/www.ciclopower.es\/wp-content\/uploads\/2022\/04\/1.jpg 1200w, https:\/\/www.ciclopower.es\/wp-content\/uploads\/2022\/04\/1-300x169.jpg 300w, https:\/\/www.ciclopower.es\/wp-content\/uploads\/2022\/04\/1-1024x576.jpg 1024w, https:\/\/www.ciclopower.es\/wp-content\/uploads\/2022\/04\/1-768x432.jpg 768w\" sizes=\"auto, (max-width: 1200px) 100vw, 1200px\" \/><\/a><\/figure>\n\n<h2 class=\"wp-block-post-title\"><a href=\"https:\/\/www.ciclopower.es\/fr\/tour-du-port-de-la-duquesa\/\" target=\"_self\" >TOUR DU PORT DE LA DUQUESA<\/a><\/h2>\n\n<div class=\"wp-block-post-excerpt\"><p class=\"wp-block-post-excerpt__excerpt\">TOUR DU PORT DE LA DUQUESA Visite recommand\u00e9e pour les familles et les couples Le point de d\u00e9part commencerait sur la promenade Sabinillas en direction de Puerto de la Duquesa le long de tout le&#8230;<\/p><p class=\"wp-block-post-excerpt__more-text\"><a class=\"wp-block-post-excerpt__more-link\" href=\"https:\/\/www.ciclopower.es\/fr\/tour-du-port-de-la-duquesa\/\">Leer m\u00e1s<\/a><\/p><\/div>\n<\/li><\/ul><\/div>\n","protected":false},"excerpt":{"rendered":"<p>L&rsquo;AVENTURE COMMENCE ICI VOULEZ-VOUS FAIRE UN TOUR EN SEGWAY LE LONG DE LA PROMENADE DE SABINILLAS \/ DUQUESA? Nous proposons diff\u00e9rents man\u00e8ges et circuits \u00e0 travers les r\u00e9gions de la Costa del Sol pour toute&#8230;<\/p>\n","protected":false},"author":1,"featured_media":3380,"parent":0,"menu_order":0,"comment_status":"closed","ping_status":"closed","template":"template-home.php","meta":{"footnotes":""},"class_list":["post-3379","page","type-page","status-publish","has-post-thumbnail","hentry"],"yoast_head":"<!-- This site is optimized with the Yoast SEO plugin v27.4 - https:\/\/yoast.com\/product\/yoast-seo-wordpress\/ -->\n<title>L&#039;AVENTURE COMMENCE ICI - Ciclopower<\/title>\n<meta name=\"robots\" content=\"index, follow, max-snippet:-1, max-image-preview:large, max-video-preview:-1\" \/>\n<link rel=\"canonical\" href=\"https:\/\/www.ciclopower.es\/fr\/\" \/>\n<meta property=\"og:locale\" content=\"fr_FR\" \/>\n<meta property=\"og:type\" content=\"article\" \/>\n<meta property=\"og:title\" content=\"L&#039;AVENTURE COMMENCE ICI - Ciclopower\" \/>\n<meta property=\"og:description\" content=\"L&rsquo;AVENTURE COMMENCE ICI VOULEZ-VOUS FAIRE UN TOUR EN SEGWAY LE LONG DE LA PROMENADE DE SABINILLAS \/ DUQUESA? Nous proposons diff\u00e9rents man\u00e8ges et circuits \u00e0 travers les r\u00e9gions de la Costa del Sol pour toute...\" \/>\n<meta property=\"og:url\" content=\"https:\/\/www.ciclopower.es\/fr\/\" \/>\n<meta property=\"og:site_name\" content=\"Ciclopower\" \/>\n<meta property=\"article:publisher\" content=\"https:\/\/www.facebook.com\/CicloPowerSabinillas\/\" \/>\n<meta property=\"article:modified_time\" content=\"2022-05-03T13:43:05+00:00\" \/>\n<meta property=\"og:image\" content=\"https:\/\/www.ciclopower.es\/wp-content\/uploads\/2020\/06\/puerto-banus.jpg\" \/>\n\t<meta property=\"og:image:width\" content=\"1920\" \/>\n\t<meta property=\"og:image:height\" content=\"1080\" \/>\n\t<meta property=\"og:image:type\" content=\"image\/jpeg\" \/>\n<meta name=\"twitter:card\" content=\"summary_large_image\" \/>\n<meta name=\"twitter:label1\" content=\"Dur\u00e9e de lecture estim\u00e9e\" \/>\n\t<meta name=\"twitter:data1\" content=\"1 minute\" \/>\n<script type=\"application\/ld+json\" class=\"yoast-schema-graph\">{\"@context\":\"https:\\\/\\\/schema.org\",\"@graph\":[{\"@type\":\"WebPage\",\"@id\":\"https:\\\/\\\/www.ciclopower.es\\\/fr\\\/\",\"url\":\"https:\\\/\\\/www.ciclopower.es\\\/fr\\\/\",\"name\":\"L'AVENTURE COMMENCE ICI - Ciclopower\",\"isPartOf\":{\"@id\":\"https:\\\/\\\/www.ciclopower.es\\\/de\\\/#website\"},\"primaryImageOfPage\":{\"@id\":\"https:\\\/\\\/www.ciclopower.es\\\/fr\\\/#primaryimage\"},\"image\":{\"@id\":\"https:\\\/\\\/www.ciclopower.es\\\/fr\\\/#primaryimage\"},\"thumbnailUrl\":\"https:\\\/\\\/www.ciclopower.es\\\/wp-content\\\/uploads\\\/2020\\\/06\\\/puerto-banus.jpg\",\"datePublished\":\"2022-04-28T14:16:25+00:00\",\"dateModified\":\"2022-05-03T13:43:05+00:00\",\"breadcrumb\":{\"@id\":\"https:\\\/\\\/www.ciclopower.es\\\/fr\\\/#breadcrumb\"},\"inLanguage\":\"fr-FR\",\"potentialAction\":[{\"@type\":\"ReadAction\",\"target\":[\"https:\\\/\\\/www.ciclopower.es\\\/fr\\\/\"]}]},{\"@type\":\"ImageObject\",\"inLanguage\":\"fr-FR\",\"@id\":\"https:\\\/\\\/www.ciclopower.es\\\/fr\\\/#primaryimage\",\"url\":\"https:\\\/\\\/www.ciclopower.es\\\/wp-content\\\/uploads\\\/2020\\\/06\\\/puerto-banus.jpg\",\"contentUrl\":\"https:\\\/\\\/www.ciclopower.es\\\/wp-content\\\/uploads\\\/2020\\\/06\\\/puerto-banus.jpg\",\"width\":1920,\"height\":1080},{\"@type\":\"BreadcrumbList\",\"@id\":\"https:\\\/\\\/www.ciclopower.es\\\/fr\\\/#breadcrumb\",\"itemListElement\":[{\"@type\":\"ListItem\",\"position\":1,\"name\":\"Portada\",\"item\":\"https:\\\/\\\/www.ciclopower.es\\\/fr\\\/\"},{\"@type\":\"ListItem\",\"position\":2,\"name\":\"L&rsquo;AVENTURE COMMENCE ICI\"}]},{\"@type\":\"WebSite\",\"@id\":\"https:\\\/\\\/www.ciclopower.es\\\/de\\\/#website\",\"url\":\"https:\\\/\\\/www.ciclopower.es\\\/de\\\/\",\"name\":\"Ciclopower Sabinillas\",\"description\":\"La aventura empieza aqu\u00ed\",\"publisher\":{\"@id\":\"https:\\\/\\\/www.ciclopower.es\\\/de\\\/#organization\"},\"potentialAction\":[{\"@type\":\"SearchAction\",\"target\":{\"@type\":\"EntryPoint\",\"urlTemplate\":\"https:\\\/\\\/www.ciclopower.es\\\/de\\\/?s={search_term_string}\"},\"query-input\":{\"@type\":\"PropertyValueSpecification\",\"valueRequired\":true,\"valueName\":\"search_term_string\"}}],\"inLanguage\":\"fr-FR\"},{\"@type\":\"Organization\",\"@id\":\"https:\\\/\\\/www.ciclopower.es\\\/de\\\/#organization\",\"name\":\"Ciclopower Sabinillas\",\"alternateName\":\"Ciclopower\",\"url\":\"https:\\\/\\\/www.ciclopower.es\\\/de\\\/\",\"logo\":{\"@type\":\"ImageObject\",\"inLanguage\":\"fr-FR\",\"@id\":\"https:\\\/\\\/www.ciclopower.es\\\/de\\\/#\\\/schema\\\/logo\\\/image\\\/\",\"url\":\"https:\\\/\\\/www.ciclopower.es\\\/wp-content\\\/uploads\\\/2022\\\/04\\\/logo_header2.png\",\"contentUrl\":\"https:\\\/\\\/www.ciclopower.es\\\/wp-content\\\/uploads\\\/2022\\\/04\\\/logo_header2.png\",\"width\":800,\"height\":150,\"caption\":\"Ciclopower Sabinillas\"},\"image\":{\"@id\":\"https:\\\/\\\/www.ciclopower.es\\\/de\\\/#\\\/schema\\\/logo\\\/image\\\/\"},\"sameAs\":[\"https:\\\/\\\/www.facebook.com\\\/CicloPowerSabinillas\\\/\",\"https:\\\/\\\/www.instagram.com\\\/ciclopower.es\\\/\"]}]}<\/script>\n<!-- \/ Yoast SEO plugin. -->","yoast_head_json":{"title":"L'AVENTURE COMMENCE ICI - Ciclopower","robots":{"index":"index","follow":"follow","max-snippet":"max-snippet:-1","max-image-preview":"max-image-preview:large","max-video-preview":"max-video-preview:-1"},"canonical":"https:\/\/www.ciclopower.es\/fr\/","og_locale":"fr_FR","og_type":"article","og_title":"L'AVENTURE COMMENCE ICI - Ciclopower","og_description":"L&rsquo;AVENTURE COMMENCE ICI VOULEZ-VOUS FAIRE UN TOUR EN SEGWAY LE LONG DE LA PROMENADE DE SABINILLAS \/ DUQUESA? Nous proposons diff\u00e9rents man\u00e8ges et circuits \u00e0 travers les r\u00e9gions de la Costa del Sol pour toute...","og_url":"https:\/\/www.ciclopower.es\/fr\/","og_site_name":"Ciclopower","article_publisher":"https:\/\/www.facebook.com\/CicloPowerSabinillas\/","article_modified_time":"2022-05-03T13:43:05+00:00","og_image":[{"width":1920,"height":1080,"url":"https:\/\/www.ciclopower.es\/wp-content\/uploads\/2020\/06\/puerto-banus.jpg","type":"image\/jpeg"}],"twitter_card":"summary_large_image","twitter_misc":{"Dur\u00e9e de lecture estim\u00e9e":"1 minute"},"schema":{"@context":"https:\/\/schema.org","@graph":[{"@type":"WebPage","@id":"https:\/\/www.ciclopower.es\/fr\/","url":"https:\/\/www.ciclopower.es\/fr\/","name":"L'AVENTURE COMMENCE ICI - Ciclopower","isPartOf":{"@id":"https:\/\/www.ciclopower.es\/de\/#website"},"primaryImageOfPage":{"@id":"https:\/\/www.ciclopower.es\/fr\/#primaryimage"},"image":{"@id":"https:\/\/www.ciclopower.es\/fr\/#primaryimage"},"thumbnailUrl":"https:\/\/www.ciclopower.es\/wp-content\/uploads\/2020\/06\/puerto-banus.jpg","datePublished":"2022-04-28T14:16:25+00:00","dateModified":"2022-05-03T13:43:05+00:00","breadcrumb":{"@id":"https:\/\/www.ciclopower.es\/fr\/#breadcrumb"},"inLanguage":"fr-FR","potentialAction":[{"@type":"ReadAction","target":["https:\/\/www.ciclopower.es\/fr\/"]}]},{"@type":"ImageObject","inLanguage":"fr-FR","@id":"https:\/\/www.ciclopower.es\/fr\/#primaryimage","url":"https:\/\/www.ciclopower.es\/wp-content\/uploads\/2020\/06\/puerto-banus.jpg","contentUrl":"https:\/\/www.ciclopower.es\/wp-content\/uploads\/2020\/06\/puerto-banus.jpg","width":1920,"height":1080},{"@type":"BreadcrumbList","@id":"https:\/\/www.ciclopower.es\/fr\/#breadcrumb","itemListElement":[{"@type":"ListItem","position":1,"name":"Portada","item":"https:\/\/www.ciclopower.es\/fr\/"},{"@type":"ListItem","position":2,"name":"L&rsquo;AVENTURE COMMENCE ICI"}]},{"@type":"WebSite","@id":"https:\/\/www.ciclopower.es\/de\/#website","url":"https:\/\/www.ciclopower.es\/de\/","name":"Ciclopower Sabinillas","description":"La aventura empieza aqu\u00ed","publisher":{"@id":"https:\/\/www.ciclopower.es\/de\/#organization"},"potentialAction":[{"@type":"SearchAction","target":{"@type":"EntryPoint","urlTemplate":"https:\/\/www.ciclopower.es\/de\/?s={search_term_string}"},"query-input":{"@type":"PropertyValueSpecification","valueRequired":true,"valueName":"search_term_string"}}],"inLanguage":"fr-FR"},{"@type":"Organization","@id":"https:\/\/www.ciclopower.es\/de\/#organization","name":"Ciclopower Sabinillas","alternateName":"Ciclopower","url":"https:\/\/www.ciclopower.es\/de\/","logo":{"@type":"ImageObject","inLanguage":"fr-FR","@id":"https:\/\/www.ciclopower.es\/de\/#\/schema\/logo\/image\/","url":"https:\/\/www.ciclopower.es\/wp-content\/uploads\/2022\/04\/logo_header2.png","contentUrl":"https:\/\/www.ciclopower.es\/wp-content\/uploads\/2022\/04\/logo_header2.png","width":800,"height":150,"caption":"Ciclopower Sabinillas"},"image":{"@id":"https:\/\/www.ciclopower.es\/de\/#\/schema\/logo\/image\/"},"sameAs":["https:\/\/www.facebook.com\/CicloPowerSabinillas\/","https:\/\/www.instagram.com\/ciclopower.es\/"]}]}},"_links":{"self":[{"href":"https:\/\/www.ciclopower.es\/fr\/wp-json\/wp\/v2\/pages\/3379","targetHints":{"allow":["GET"]}}],"collection":[{"href":"https:\/\/www.ciclopower.es\/fr\/wp-json\/wp\/v2\/pages"}],"about":[{"href":"https:\/\/www.ciclopower.es\/fr\/wp-json\/wp\/v2\/types\/page"}],"author":[{"embeddable":true,"href":"https:\/\/www.ciclopower.es\/fr\/wp-json\/wp\/v2\/users\/1"}],"replies":[{"embeddable":true,"href":"https:\/\/www.ciclopower.es\/fr\/wp-json\/wp\/v2\/comments?post=3379"}],"version-history":[{"count":1,"href":"https:\/\/www.ciclopower.es\/fr\/wp-json\/wp\/v2\/pages\/3379\/revisions"}],"predecessor-version":[{"id":3385,"href":"https:\/\/www.ciclopower.es\/fr\/wp-json\/wp\/v2\/pages\/3379\/revisions\/3385"}],"wp:featuredmedia":[{"embeddable":true,"href":"https:\/\/www.ciclopower.es\/fr\/wp-json\/wp\/v2\/media\/3380"}],"wp:attachment":[{"href":"https:\/\/www.ciclopower.es\/fr\/wp-json\/wp\/v2\/media?parent=3379"}],"curies":[{"name":"wp","href":"https:\/\/api.w.org\/{rel}","templated":true}]}}