{"id":3352,"date":"2022-04-28T14:33:14","date_gmt":"2022-04-28T14:33:14","guid":{"rendered":"https:\/\/www.ciclopower.es\/sobre-nosotros\/"},"modified":"2024-05-20T09:50:15","modified_gmt":"2024-05-20T09:50:15","slug":"chi-siamo","status":"publish","type":"page","link":"https:\/\/www.ciclopower.es\/it\/chi-siamo\/","title":{"rendered":"Chi siamo"},"content":{"rendered":"\n<h1 class=\"wp-block-heading\">SIAMO APPASSIONATI DELLA MOBILIT\u00c0 ELETTRICA<\/h1>\n\n\n\n<p>Ciclopower \u00e8 un&#8217;azienda situata a Sabinillas e ha aperto le sue porte nel 2016 per il divertimento di persone di tutte le et\u00e0. Offre un&#8217;ampia variet\u00e0 di veicoli VMP (scooter, Hoverboard, quad, carrozzine, Segway e moto), scooter elettrici, paddleboard e kayak. Nel corso degli anni non abbiamo smesso di innovare introducendo gli ultimi modelli sul mercato, materiali di marchi leader per essere sempre al passo con i tempi.<\/p>\n\n\n\n<p>Siamo appassionati di trasporto elettrico e vogliamo offrirvi le migliori attrezzature per farvi godere di una delle pi\u00f9 belle citt\u00e0 della Costa del Sol come Manilva, Sabinillas e Puerto de la Duquesa.<\/p>\n\n\n\n<p>A bordo di uno dei nostri scooter (Segway, Hoverboard) potrete passeggiare, fare tour, andare al ristorante o al vostro hotel o appartamento. Tutti i nostri veicoli sono 100% elettrici ed ecologici.<\/p>\n\n\n\n<p>Nel 2021 includiamo la nostra barca a Puerto De La Duquesa con nuove attivit\u00e0 acquatiche (Banana Jobe, WOW XO Xtreme giant board e wakeboard), gite in barca alla scoperta della Costa del Sol per vedere i delfini, i pesci luna, i famosi pesci volanti o rilassarsi visitando il Porto di Sotogrande o visitare la Rocca di Gibilterra e molto altro.<\/p>\n\n\n\n<p>Nel 2024 andremo oltre e abbiamo preparato nuovi veicoli per la famiglia, gli amici o i pi\u00f9 piccoli. Tutto sempre alla ricerca del cliente per il massimo divertimento al miglior prezzo, sperando di portare le ultime tendenze estive a ciclopower per farle godere a tutti i nostri clienti.<\/p>\n\n\n\n<p>Cordialmente a vostra disposizione.<\/p>\n\n\n\n<div class=\"wp-block-group slider-2\"><div class=\"wp-block-group__inner-container is-layout-flow wp-block-group-is-layout-flow\">\n<figure class=\"wp-block-gallery has-nested-images columns-default is-cropped wp-block-gallery-1 is-layout-flex wp-block-gallery-is-layout-flex\">\n<figure class=\"wp-block-image size-full\"><a href=\"https:\/\/www.ciclopower.es\/wp-content\/uploads\/2022\/05\/IMG_1432-scaled.jpg\"><img loading=\"lazy\" decoding=\"async\" width=\"2560\" height=\"1920\" data-id=\"2872\" src=\"https:\/\/www.ciclopower.es\/wp-content\/uploads\/2022\/05\/IMG_1432-scaled.jpg\" alt=\"\" class=\"wp-image-2872\" srcset=\"https:\/\/www.ciclopower.es\/wp-content\/uploads\/2022\/05\/IMG_1432-scaled.jpg 2560w, https:\/\/www.ciclopower.es\/wp-content\/uploads\/2022\/05\/IMG_1432-300x225.jpg 300w, https:\/\/www.ciclopower.es\/wp-content\/uploads\/2022\/05\/IMG_1432-1024x768.jpg 1024w, https:\/\/www.ciclopower.es\/wp-content\/uploads\/2022\/05\/IMG_1432-768x576.jpg 768w, https:\/\/www.ciclopower.es\/wp-content\/uploads\/2022\/05\/IMG_1432-1536x1152.jpg 1536w, https:\/\/www.ciclopower.es\/wp-content\/uploads\/2022\/05\/IMG_1432-2048x1536.jpg 2048w, https:\/\/www.ciclopower.es\/wp-content\/uploads\/2022\/05\/IMG_1432-1867x1400.jpg 1867w\" sizes=\"auto, (max-width: 2560px) 100vw, 2560px\" \/><\/a><\/figure>\n\n\n\n<figure class=\"wp-block-image size-full\"><a href=\"https:\/\/www.ciclopower.es\/wp-content\/uploads\/2022\/05\/IMG_2095-scaled.jpg\"><img loading=\"lazy\" decoding=\"async\" width=\"2560\" height=\"1920\" data-id=\"2862\" src=\"https:\/\/www.ciclopower.es\/wp-content\/uploads\/2022\/05\/IMG_2095-scaled.jpg\" alt=\"\" class=\"wp-image-2862\" srcset=\"https:\/\/www.ciclopower.es\/wp-content\/uploads\/2022\/05\/IMG_2095-scaled.jpg 2560w, https:\/\/www.ciclopower.es\/wp-content\/uploads\/2022\/05\/IMG_2095-300x225.jpg 300w, https:\/\/www.ciclopower.es\/wp-content\/uploads\/2022\/05\/IMG_2095-1024x768.jpg 1024w, https:\/\/www.ciclopower.es\/wp-content\/uploads\/2022\/05\/IMG_2095-768x576.jpg 768w, https:\/\/www.ciclopower.es\/wp-content\/uploads\/2022\/05\/IMG_2095-1536x1152.jpg 1536w, https:\/\/www.ciclopower.es\/wp-content\/uploads\/2022\/05\/IMG_2095-2048x1536.jpg 2048w, https:\/\/www.ciclopower.es\/wp-content\/uploads\/2022\/05\/IMG_2095-1867x1400.jpg 1867w\" sizes=\"auto, (max-width: 2560px) 100vw, 2560px\" \/><\/a><\/figure>\n\n\n\n<figure class=\"wp-block-image size-full\"><a href=\"https:\/\/www.ciclopower.es\/wp-content\/uploads\/2022\/05\/IMG_2104-scaled.jpg\"><img loading=\"lazy\" decoding=\"async\" width=\"2560\" height=\"1920\" data-id=\"2867\" src=\"https:\/\/www.ciclopower.es\/wp-content\/uploads\/2022\/05\/IMG_2104-scaled.jpg\" alt=\"\" class=\"wp-image-2867\" srcset=\"https:\/\/www.ciclopower.es\/wp-content\/uploads\/2022\/05\/IMG_2104-scaled.jpg 2560w, https:\/\/www.ciclopower.es\/wp-content\/uploads\/2022\/05\/IMG_2104-300x225.jpg 300w, https:\/\/www.ciclopower.es\/wp-content\/uploads\/2022\/05\/IMG_2104-1024x768.jpg 1024w, https:\/\/www.ciclopower.es\/wp-content\/uploads\/2022\/05\/IMG_2104-768x576.jpg 768w, https:\/\/www.ciclopower.es\/wp-content\/uploads\/2022\/05\/IMG_2104-1536x1152.jpg 1536w, https:\/\/www.ciclopower.es\/wp-content\/uploads\/2022\/05\/IMG_2104-2048x1536.jpg 2048w, https:\/\/www.ciclopower.es\/wp-content\/uploads\/2022\/05\/IMG_2104-1867x1400.jpg 1867w\" sizes=\"auto, (max-width: 2560px) 100vw, 2560px\" \/><\/a><\/figure>\n\n\n\n<figure class=\"wp-block-image size-full\"><a href=\"https:\/\/www.ciclopower.es\/wp-content\/uploads\/2022\/05\/IMG_2690-scaled.jpg\"><img loading=\"lazy\" decoding=\"async\" width=\"2560\" height=\"1920\" data-id=\"2877\" src=\"https:\/\/www.ciclopower.es\/wp-content\/uploads\/2022\/05\/IMG_2690-scaled.jpg\" alt=\"\" class=\"wp-image-2877\" srcset=\"https:\/\/www.ciclopower.es\/wp-content\/uploads\/2022\/05\/IMG_2690-scaled.jpg 2560w, https:\/\/www.ciclopower.es\/wp-content\/uploads\/2022\/05\/IMG_2690-300x225.jpg 300w, https:\/\/www.ciclopower.es\/wp-content\/uploads\/2022\/05\/IMG_2690-1024x768.jpg 1024w, https:\/\/www.ciclopower.es\/wp-content\/uploads\/2022\/05\/IMG_2690-768x576.jpg 768w, https:\/\/www.ciclopower.es\/wp-content\/uploads\/2022\/05\/IMG_2690-1536x1152.jpg 1536w, https:\/\/www.ciclopower.es\/wp-content\/uploads\/2022\/05\/IMG_2690-2048x1536.jpg 2048w, https:\/\/www.ciclopower.es\/wp-content\/uploads\/2022\/05\/IMG_2690-1867x1400.jpg 1867w\" sizes=\"auto, (max-width: 2560px) 100vw, 2560px\" \/><\/a><\/figure>\n<\/figure>\n<\/div><\/div>\n\n\n\n<p><\/p>\n","protected":false},"excerpt":{"rendered":"<p>SIAMO APPASSIONATI DELLA MOBILIT\u00c0 ELETTRICA Ciclopower \u00e8 un&#8217;azienda situata a Sabinillas e ha aperto le sue porte nel 2016 per il divertimento di persone di tutte le et\u00e0. Offre un&#8217;ampia variet\u00e0 di veicoli VMP (scooter,&#8230;<\/p>\n","protected":false},"author":1,"featured_media":2850,"parent":0,"menu_order":0,"comment_status":"closed","ping_status":"closed","template":"","meta":{"footnotes":""},"class_list":["post-3352","page","type-page","status-publish","has-post-thumbnail","hentry"],"yoast_head":"<!-- This site is optimized with the Yoast SEO plugin v27.4 - https:\/\/yoast.com\/product\/yoast-seo-wordpress\/ -->\n<title>Chi siamo - Ciclopower<\/title>\n<meta name=\"robots\" content=\"index, follow, max-snippet:-1, max-image-preview:large, max-video-preview:-1\" \/>\n<link rel=\"canonical\" href=\"https:\/\/www.ciclopower.es\/it\/chi-siamo\/\" \/>\n<meta property=\"og:locale\" content=\"it_IT\" \/>\n<meta property=\"og:type\" content=\"article\" \/>\n<meta property=\"og:title\" content=\"Chi siamo - Ciclopower\" \/>\n<meta property=\"og:description\" content=\"SIAMO APPASSIONATI DELLA MOBILIT\u00c0 ELETTRICA Ciclopower \u00e8 un&#8217;azienda situata a Sabinillas e ha aperto le sue porte nel 2016 per il divertimento di persone di tutte le et\u00e0. Offre un&#8217;ampia variet\u00e0 di veicoli VMP (scooter,...\" \/>\n<meta property=\"og:url\" content=\"https:\/\/www.ciclopower.es\/it\/chi-siamo\/\" \/>\n<meta property=\"og:site_name\" content=\"Ciclopower\" \/>\n<meta property=\"article:publisher\" content=\"https:\/\/www.facebook.com\/CicloPowerSabinillas\/\" \/>\n<meta property=\"article:modified_time\" content=\"2024-05-20T09:50:15+00:00\" \/>\n<meta property=\"og:image\" content=\"https:\/\/www.ciclopower.es\/wp-content\/uploads\/2022\/05\/puerto-duquesa.jpg\" \/>\n\t<meta property=\"og:image:width\" content=\"1024\" \/>\n\t<meta property=\"og:image:height\" content=\"522\" \/>\n\t<meta property=\"og:image:type\" content=\"image\/jpeg\" \/>\n<meta name=\"twitter:card\" content=\"summary_large_image\" \/>\n<meta name=\"twitter:label1\" content=\"Tempo di lettura stimato\" \/>\n\t<meta name=\"twitter:data1\" content=\"3 minuti\" \/>\n<script type=\"application\/ld+json\" class=\"yoast-schema-graph\">{\"@context\":\"https:\\\/\\\/schema.org\",\"@graph\":[{\"@type\":\"WebPage\",\"@id\":\"https:\\\/\\\/www.ciclopower.es\\\/it\\\/chi-siamo\\\/\",\"url\":\"https:\\\/\\\/www.ciclopower.es\\\/it\\\/chi-siamo\\\/\",\"name\":\"Chi siamo - Ciclopower\",\"isPartOf\":{\"@id\":\"https:\\\/\\\/www.ciclopower.es\\\/de\\\/#website\"},\"primaryImageOfPage\":{\"@id\":\"https:\\\/\\\/www.ciclopower.es\\\/it\\\/chi-siamo\\\/#primaryimage\"},\"image\":{\"@id\":\"https:\\\/\\\/www.ciclopower.es\\\/it\\\/chi-siamo\\\/#primaryimage\"},\"thumbnailUrl\":\"https:\\\/\\\/www.ciclopower.es\\\/wp-content\\\/uploads\\\/2022\\\/05\\\/puerto-duquesa.jpg\",\"datePublished\":\"2022-04-28T14:33:14+00:00\",\"dateModified\":\"2024-05-20T09:50:15+00:00\",\"breadcrumb\":{\"@id\":\"https:\\\/\\\/www.ciclopower.es\\\/it\\\/chi-siamo\\\/#breadcrumb\"},\"inLanguage\":\"it-IT\",\"potentialAction\":[{\"@type\":\"ReadAction\",\"target\":[\"https:\\\/\\\/www.ciclopower.es\\\/it\\\/chi-siamo\\\/\"]}]},{\"@type\":\"ImageObject\",\"inLanguage\":\"it-IT\",\"@id\":\"https:\\\/\\\/www.ciclopower.es\\\/it\\\/chi-siamo\\\/#primaryimage\",\"url\":\"https:\\\/\\\/www.ciclopower.es\\\/wp-content\\\/uploads\\\/2022\\\/05\\\/puerto-duquesa.jpg\",\"contentUrl\":\"https:\\\/\\\/www.ciclopower.es\\\/wp-content\\\/uploads\\\/2022\\\/05\\\/puerto-duquesa.jpg\",\"width\":1024,\"height\":522},{\"@type\":\"BreadcrumbList\",\"@id\":\"https:\\\/\\\/www.ciclopower.es\\\/it\\\/chi-siamo\\\/#breadcrumb\",\"itemListElement\":[{\"@type\":\"ListItem\",\"position\":1,\"name\":\"Portada\",\"item\":\"https:\\\/\\\/www.ciclopower.es\\\/it\\\/\"},{\"@type\":\"ListItem\",\"position\":2,\"name\":\"Chi siamo\"}]},{\"@type\":\"WebSite\",\"@id\":\"https:\\\/\\\/www.ciclopower.es\\\/de\\\/#website\",\"url\":\"https:\\\/\\\/www.ciclopower.es\\\/de\\\/\",\"name\":\"Ciclopower Sabinillas\",\"description\":\"La aventura empieza aqu\u00ed\",\"publisher\":{\"@id\":\"https:\\\/\\\/www.ciclopower.es\\\/de\\\/#organization\"},\"potentialAction\":[{\"@type\":\"SearchAction\",\"target\":{\"@type\":\"EntryPoint\",\"urlTemplate\":\"https:\\\/\\\/www.ciclopower.es\\\/de\\\/?s={search_term_string}\"},\"query-input\":{\"@type\":\"PropertyValueSpecification\",\"valueRequired\":true,\"valueName\":\"search_term_string\"}}],\"inLanguage\":\"it-IT\"},{\"@type\":\"Organization\",\"@id\":\"https:\\\/\\\/www.ciclopower.es\\\/de\\\/#organization\",\"name\":\"Ciclopower Sabinillas\",\"alternateName\":\"Ciclopower\",\"url\":\"https:\\\/\\\/www.ciclopower.es\\\/de\\\/\",\"logo\":{\"@type\":\"ImageObject\",\"inLanguage\":\"it-IT\",\"@id\":\"https:\\\/\\\/www.ciclopower.es\\\/de\\\/#\\\/schema\\\/logo\\\/image\\\/\",\"url\":\"https:\\\/\\\/www.ciclopower.es\\\/wp-content\\\/uploads\\\/2022\\\/04\\\/logo_header2.png\",\"contentUrl\":\"https:\\\/\\\/www.ciclopower.es\\\/wp-content\\\/uploads\\\/2022\\\/04\\\/logo_header2.png\",\"width\":800,\"height\":150,\"caption\":\"Ciclopower Sabinillas\"},\"image\":{\"@id\":\"https:\\\/\\\/www.ciclopower.es\\\/de\\\/#\\\/schema\\\/logo\\\/image\\\/\"},\"sameAs\":[\"https:\\\/\\\/www.facebook.com\\\/CicloPowerSabinillas\\\/\",\"https:\\\/\\\/www.instagram.com\\\/ciclopower.es\\\/\"]}]}<\/script>\n<!-- \/ Yoast SEO plugin. -->","yoast_head_json":{"title":"Chi siamo - Ciclopower","robots":{"index":"index","follow":"follow","max-snippet":"max-snippet:-1","max-image-preview":"max-image-preview:large","max-video-preview":"max-video-preview:-1"},"canonical":"https:\/\/www.ciclopower.es\/it\/chi-siamo\/","og_locale":"it_IT","og_type":"article","og_title":"Chi siamo - Ciclopower","og_description":"SIAMO APPASSIONATI DELLA MOBILIT\u00c0 ELETTRICA Ciclopower \u00e8 un&#8217;azienda situata a Sabinillas e ha aperto le sue porte nel 2016 per il divertimento di persone di tutte le et\u00e0. Offre un&#8217;ampia variet\u00e0 di veicoli VMP (scooter,...","og_url":"https:\/\/www.ciclopower.es\/it\/chi-siamo\/","og_site_name":"Ciclopower","article_publisher":"https:\/\/www.facebook.com\/CicloPowerSabinillas\/","article_modified_time":"2024-05-20T09:50:15+00:00","og_image":[{"width":1024,"height":522,"url":"https:\/\/www.ciclopower.es\/wp-content\/uploads\/2022\/05\/puerto-duquesa.jpg","type":"image\/jpeg"}],"twitter_card":"summary_large_image","twitter_misc":{"Tempo di lettura stimato":"3 minuti"},"schema":{"@context":"https:\/\/schema.org","@graph":[{"@type":"WebPage","@id":"https:\/\/www.ciclopower.es\/it\/chi-siamo\/","url":"https:\/\/www.ciclopower.es\/it\/chi-siamo\/","name":"Chi siamo - Ciclopower","isPartOf":{"@id":"https:\/\/www.ciclopower.es\/de\/#website"},"primaryImageOfPage":{"@id":"https:\/\/www.ciclopower.es\/it\/chi-siamo\/#primaryimage"},"image":{"@id":"https:\/\/www.ciclopower.es\/it\/chi-siamo\/#primaryimage"},"thumbnailUrl":"https:\/\/www.ciclopower.es\/wp-content\/uploads\/2022\/05\/puerto-duquesa.jpg","datePublished":"2022-04-28T14:33:14+00:00","dateModified":"2024-05-20T09:50:15+00:00","breadcrumb":{"@id":"https:\/\/www.ciclopower.es\/it\/chi-siamo\/#breadcrumb"},"inLanguage":"it-IT","potentialAction":[{"@type":"ReadAction","target":["https:\/\/www.ciclopower.es\/it\/chi-siamo\/"]}]},{"@type":"ImageObject","inLanguage":"it-IT","@id":"https:\/\/www.ciclopower.es\/it\/chi-siamo\/#primaryimage","url":"https:\/\/www.ciclopower.es\/wp-content\/uploads\/2022\/05\/puerto-duquesa.jpg","contentUrl":"https:\/\/www.ciclopower.es\/wp-content\/uploads\/2022\/05\/puerto-duquesa.jpg","width":1024,"height":522},{"@type":"BreadcrumbList","@id":"https:\/\/www.ciclopower.es\/it\/chi-siamo\/#breadcrumb","itemListElement":[{"@type":"ListItem","position":1,"name":"Portada","item":"https:\/\/www.ciclopower.es\/it\/"},{"@type":"ListItem","position":2,"name":"Chi siamo"}]},{"@type":"WebSite","@id":"https:\/\/www.ciclopower.es\/de\/#website","url":"https:\/\/www.ciclopower.es\/de\/","name":"Ciclopower Sabinillas","description":"La aventura empieza aqu\u00ed","publisher":{"@id":"https:\/\/www.ciclopower.es\/de\/#organization"},"potentialAction":[{"@type":"SearchAction","target":{"@type":"EntryPoint","urlTemplate":"https:\/\/www.ciclopower.es\/de\/?s={search_term_string}"},"query-input":{"@type":"PropertyValueSpecification","valueRequired":true,"valueName":"search_term_string"}}],"inLanguage":"it-IT"},{"@type":"Organization","@id":"https:\/\/www.ciclopower.es\/de\/#organization","name":"Ciclopower Sabinillas","alternateName":"Ciclopower","url":"https:\/\/www.ciclopower.es\/de\/","logo":{"@type":"ImageObject","inLanguage":"it-IT","@id":"https:\/\/www.ciclopower.es\/de\/#\/schema\/logo\/image\/","url":"https:\/\/www.ciclopower.es\/wp-content\/uploads\/2022\/04\/logo_header2.png","contentUrl":"https:\/\/www.ciclopower.es\/wp-content\/uploads\/2022\/04\/logo_header2.png","width":800,"height":150,"caption":"Ciclopower Sabinillas"},"image":{"@id":"https:\/\/www.ciclopower.es\/de\/#\/schema\/logo\/image\/"},"sameAs":["https:\/\/www.facebook.com\/CicloPowerSabinillas\/","https:\/\/www.instagram.com\/ciclopower.es\/"]}]}},"_links":{"self":[{"href":"https:\/\/www.ciclopower.es\/it\/wp-json\/wp\/v2\/pages\/3352","targetHints":{"allow":["GET"]}}],"collection":[{"href":"https:\/\/www.ciclopower.es\/it\/wp-json\/wp\/v2\/pages"}],"about":[{"href":"https:\/\/www.ciclopower.es\/it\/wp-json\/wp\/v2\/types\/page"}],"author":[{"embeddable":true,"href":"https:\/\/www.ciclopower.es\/it\/wp-json\/wp\/v2\/users\/1"}],"replies":[{"embeddable":true,"href":"https:\/\/www.ciclopower.es\/it\/wp-json\/wp\/v2\/comments?post=3352"}],"version-history":[{"count":2,"href":"https:\/\/www.ciclopower.es\/it\/wp-json\/wp\/v2\/pages\/3352\/revisions"}],"predecessor-version":[{"id":4106,"href":"https:\/\/www.ciclopower.es\/it\/wp-json\/wp\/v2\/pages\/3352\/revisions\/4106"}],"wp:featuredmedia":[{"embeddable":true,"href":"https:\/\/www.ciclopower.es\/it\/wp-json\/wp\/v2\/media\/2850"}],"wp:attachment":[{"href":"https:\/\/www.ciclopower.es\/it\/wp-json\/wp\/v2\/media?parent=3352"}],"curies":[{"name":"wp","href":"https:\/\/api.w.org\/{rel}","templated":true}]}}